{"id":610,"date":"2022-04-21T11:27:19","date_gmt":"2022-04-21T09:27:19","guid":{"rendered":"https:\/\/landings.jotelulu.com\/pt-pt\/img-archivos-svg\/reportar-abuso\/"},"modified":"2025-03-03T13:51:22","modified_gmt":"2025-03-03T12:51:22","slug":"denunciar-abuso","status":"publish","type":"page","link":"https:\/\/landings.jotelulu.com\/pt-pt\/suporte\/denunciar-abuso\/","title":{"rendered":"Reportar abuso"},"content":{"rendered":"\t\t<div data-elementor-type=\"wp-page\" data-elementor-id=\"610\" class=\"elementor elementor-610\" data-elementor-post-type=\"page\">\n\t\t\t\t\t\t<aside class=\"elementor-section elementor-top-section elementor-element elementor-element-87232cb elementor-hidden-mobile elementor-section-boxed elementor-section-height-default elementor-section-height-default\" data-id=\"87232cb\" data-element_type=\"section\" data-e-type=\"section\">\n\t\t\t\t\t\t<div class=\"elementor-container elementor-column-gap-default\">\n\t\t\t\t\t<div class=\"elementor-column elementor-col-100 elementor-top-column elementor-element elementor-element-6d727d1\" data-id=\"6d727d1\" data-element_type=\"column\" data-e-type=\"column\">\n\t\t\t<div class=\"elementor-widget-wrap elementor-element-populated\">\n\t\t\t\t\t\t<div class=\"elementor-element elementor-element-c33664d elementor-widget elementor-widget-template\" data-id=\"c33664d\" data-element_type=\"widget\" data-e-type=\"widget\" data-widget_type=\"template.default\">\n\t\t\t\t<div class=\"elementor-widget-container\">\n\t\t\t\t\t\t\t<div class=\"elementor-template\">\n\t\t\t\t\t<div data-elementor-type=\"section\" data-elementor-id=\"1125\" class=\"elementor elementor-1125\" data-elementor-post-type=\"elementor_library\">\n\t\t\t\t\t<aside class=\"elementor-section elementor-top-section elementor-element elementor-element-7ac54e4 elementor-hidden-mobile elementor-section-boxed elementor-section-height-default elementor-section-height-default\" data-id=\"7ac54e4\" data-element_type=\"section\" data-e-type=\"section\">\n\t\t\t\t\t\t<div class=\"elementor-container elementor-column-gap-default\">\n\t\t\t\t\t<div class=\"elementor-column elementor-col-100 elementor-top-column elementor-element elementor-element-0dd8dfb elementor-hidden-mobile\" data-id=\"0dd8dfb\" data-element_type=\"column\" data-e-type=\"column\" data-settings=\"{&quot;background_background&quot;:&quot;classic&quot;}\">\n\t\t\t<div class=\"elementor-widget-wrap elementor-element-populated\">\n\t\t\t\t\t\t<section class=\"elementor-section elementor-inner-section elementor-element elementor-element-ef93fb3 elementor-section-boxed elementor-section-height-default elementor-section-height-default\" data-id=\"ef93fb3\" data-element_type=\"section\" data-e-type=\"section\">\n\t\t\t\t\t\t<div class=\"elementor-container elementor-column-gap-default\">\n\t\t\t\t\t<div class=\"elementor-column elementor-col-100 elementor-inner-column elementor-element elementor-element-ea93801\" data-id=\"ea93801\" data-element_type=\"column\" data-e-type=\"column\">\n\t\t\t<div class=\"elementor-widget-wrap elementor-element-populated\">\n\t\t\t\t\t\t<div class=\"elementor-element elementor-element-ea392bd elementor-widget__width-auto elementor-widget elementor-widget-image\" data-id=\"ea392bd\" data-element_type=\"widget\" data-e-type=\"widget\" data-widget_type=\"image.default\">\n\t\t\t\t<div class=\"elementor-widget-container\">\n\t\t\t\t\t\t\t\t\t\t\t\t\t\t\t<img decoding=\"async\" src=\"http:\/\/landings.jotelulu.com\/wp-content\/uploads\/2022\/07\/help.svg\" title=\"\" alt=\"\" loading=\"lazy\" \/>\t\t\t\t\t\t\t\t\t\t\t\t\t\t\t<\/div>\n\t\t\t\t<\/div>\n\t\t\t\t<div class=\"elementor-element elementor-element-8b18611 elementor-widget__width-auto elementor-widget elementor-widget-heading\" data-id=\"8b18611\" data-element_type=\"widget\" data-e-type=\"widget\" data-widget_type=\"heading.default\">\n\t\t\t\t<div class=\"elementor-widget-container\">\n\t\t\t\t\t<p class=\"elementor-heading-title elementor-size-default\"><a href=\"https:\/\/landings.jotelulu.com\/pt-pt\/suporte\/\">Centro de Suporte<\/a><\/p>\t\t\t\t<\/div>\n\t\t\t\t<\/div>\n\t\t\t\t\t<\/div>\n\t\t<\/div>\n\t\t\t\t\t<\/div>\n\t\t<\/section>\n\t\t\t\t<div class=\"elementor-element elementor-element-59fef07 elementor-nav-menu--dropdown-none elementor-widget elementor-widget-nav-menu\" data-id=\"59fef07\" data-element_type=\"widget\" data-e-type=\"widget\" data-settings=\"{&quot;layout&quot;:&quot;vertical&quot;,&quot;toggle_icon_hover_animation&quot;:&quot;wobble-bottom&quot;,&quot;submenu_icon&quot;:{&quot;value&quot;:&quot;&lt;i class=\\&quot;fas fa-caret-down\\&quot; aria-hidden=\\&quot;true\\&quot;&gt;&lt;\\\/i&gt;&quot;,&quot;library&quot;:&quot;fa-solid&quot;}}\" data-widget_type=\"nav-menu.default\">\n\t\t\t\t<div class=\"elementor-widget-container\">\n\t\t\t\t\t\t\t\t<nav aria-label=\"Menu\" class=\"elementor-nav-menu--main elementor-nav-menu__container elementor-nav-menu--layout-vertical e--pointer-underline e--animation-none\">\n\t\t\t\t<ul id=\"menu-1-59fef07\" class=\"elementor-nav-menu sm-vertical\"><li class=\"menu-item menu-item-type-post_type menu-item-object-page menu-item-638\"><a href=\"https:\/\/landings.jotelulu.com\/pt-pt\/suporte\/\" class=\"elementor-item\">Entre em contacto<\/a><\/li>\n<li class=\"menu-item menu-item-type-post_type menu-item-object-page menu-item-1128\"><a href=\"https:\/\/landings.jotelulu.com\/pt-pt\/suporte\/tutoriais\/\" class=\"elementor-item\">Tutoriais<\/a><\/li>\n<li class=\"menu-item menu-item-type-post_type menu-item-object-page menu-item-639\"><a href=\"https:\/\/landings.jotelulu.com\/pt-pt\/suporte\/perguntas-frequentes\/\" class=\"elementor-item\">Perguntas frequentes<\/a><\/li>\n<li class=\"menu-item menu-item-type-post_type menu-item-object-page menu-item-1129\"><a href=\"https:\/\/landings.jotelulu.com\/pt-pt\/suporte\/denunciar-abuso\/\" class=\"elementor-item\">Reportar abuso<\/a><\/li>\n<\/ul>\t\t\t<\/nav>\n\t\t\t\t\t\t<nav class=\"elementor-nav-menu--dropdown elementor-nav-menu__container\" aria-hidden=\"true\">\n\t\t\t\t<ul id=\"menu-2-59fef07\" class=\"elementor-nav-menu sm-vertical\"><li class=\"menu-item menu-item-type-post_type menu-item-object-page menu-item-638\"><a href=\"https:\/\/landings.jotelulu.com\/pt-pt\/suporte\/\" class=\"elementor-item\" tabindex=\"-1\">Entre em contacto<\/a><\/li>\n<li class=\"menu-item menu-item-type-post_type menu-item-object-page menu-item-1128\"><a href=\"https:\/\/landings.jotelulu.com\/pt-pt\/suporte\/tutoriais\/\" class=\"elementor-item\" tabindex=\"-1\">Tutoriais<\/a><\/li>\n<li class=\"menu-item menu-item-type-post_type menu-item-object-page menu-item-639\"><a href=\"https:\/\/landings.jotelulu.com\/pt-pt\/suporte\/perguntas-frequentes\/\" class=\"elementor-item\" tabindex=\"-1\">Perguntas frequentes<\/a><\/li>\n<li class=\"menu-item menu-item-type-post_type menu-item-object-page menu-item-1129\"><a href=\"https:\/\/landings.jotelulu.com\/pt-pt\/suporte\/denunciar-abuso\/\" class=\"elementor-item\" tabindex=\"-1\">Reportar abuso<\/a><\/li>\n<\/ul>\t\t\t<\/nav>\n\t\t\t\t\t\t<\/div>\n\t\t\t\t<\/div>\n\t\t\t\t\t<\/div>\n\t\t<\/div>\n\t\t\t\t\t<\/div>\n\t\t<\/aside>\n\t\t\t\t<\/div>\n\t\t\t\t<\/div>\n\t\t\t\t\t\t<\/div>\n\t\t\t\t<\/div>\n\t\t\t\t\t<\/div>\n\t\t<\/div>\n\t\t\t\t\t<\/div>\n\t\t<\/aside>\n\t\t\t\t<aside class=\"elementor-section elementor-top-section elementor-element elementor-element-2a0e121 elementor-section-full_width elementor-section-height-default elementor-section-height-default\" data-id=\"2a0e121\" data-element_type=\"section\" data-e-type=\"section\" data-settings=\"{&quot;background_background&quot;:&quot;classic&quot;}\">\n\t\t\t\t\t\t<div class=\"elementor-container elementor-column-gap-no\">\n\t\t\t\t\t<div class=\"elementor-column elementor-col-100 elementor-top-column elementor-element elementor-element-a145b7c\" data-id=\"a145b7c\" data-element_type=\"column\" data-e-type=\"column\" data-settings=\"{&quot;background_background&quot;:&quot;classic&quot;}\">\n\t\t\t<div class=\"elementor-widget-wrap elementor-element-populated\">\n\t\t\t\t\t\t<div class=\"elementor-element elementor-element-f6875b8 elementor-widget elementor-widget-heading\" data-id=\"f6875b8\" data-element_type=\"widget\" data-e-type=\"widget\" data-widget_type=\"heading.default\">\n\t\t\t\t<div class=\"elementor-widget-container\">\n\t\t\t\t\t<h1 class=\"elementor-heading-title elementor-size-default\">Denunciar um abuso<\/h1>\t\t\t\t<\/div>\n\t\t\t\t<\/div>\n\t\t\t\t<div class=\"elementor-element elementor-element-7e27165 elementor-widget__width-initial elementor-widget elementor-widget-text-editor\" data-id=\"7e27165\" data-element_type=\"widget\" data-e-type=\"widget\" data-widget_type=\"text-editor.default\">\n\t\t\t\t<div class=\"elementor-widget-container\">\n\t\t\t\t\t\t\t\t\t<p>Estamos comprometidos em tornar a Internet um lugar melhor. Se \u00e9 v\u00edtima de abuso ou conhece algu\u00e9m que o seja num site alojado pela JOTELULU, pode usar este formul\u00e1rio para informar sobre o problema \u00e0 nossa equipa de Suporte.<\/p>\t\t\t\t\t\t\t\t<\/div>\n\t\t\t\t<\/div>\n\t\t\t\t<div class=\"elementor-element elementor-element-12c6ca7 elementor-button-align-stretch elementor-widget elementor-widget-form\" data-id=\"12c6ca7\" data-element_type=\"widget\" data-e-type=\"widget\" data-settings=\"{&quot;button_width&quot;:&quot;20&quot;,&quot;step_next_label&quot;:&quot;Next&quot;,&quot;step_previous_label&quot;:&quot;Previous&quot;,&quot;step_type&quot;:&quot;number_text&quot;,&quot;step_icon_shape&quot;:&quot;circle&quot;}\" data-widget_type=\"form.default\">\n\t\t\t\t<div class=\"elementor-widget-container\">\n\t\t\t\t\t\t\t<form class=\"elementor-form\" method=\"post\" name=\"EN Support Form\" aria-label=\"EN Support Form\">\n\t\t\t<input type=\"hidden\" name=\"post_id\" value=\"610\"\/>\n\t\t\t<input type=\"hidden\" name=\"form_id\" value=\"12c6ca7\"\/>\n\t\t\t<input type=\"hidden\" name=\"referer_title\" value=\"Suporte - Denunciar Abuso | JOTELULU\" \/>\n\n\t\t\t\t\t\t\t<input type=\"hidden\" name=\"queried_id\" value=\"610\"\/>\n\t\t\t\n\t\t\t<div class=\"elementor-form-fields-wrapper elementor-labels-above\">\n\t\t\t\t\t\t\t\t<div class=\"elementor-field-type-text elementor-field-group elementor-column elementor-field-group-field_16ffce5 elementor-col-100\">\n\t\t\t\t\t\t\t\t\t\t\t\t<label for=\"form-field-field_16ffce5\" class=\"elementor-field-label\">\n\t\t\t\t\t\t\t\tNome\t\t\t\t\t\t\t<\/label>\n\t\t\t\t\t\t\t\t\t\t\t\t\t\t<input size=\"1\" type=\"text\" name=\"form_fields[field_16ffce5]\" id=\"form-field-field_16ffce5\" class=\"elementor-field elementor-size-sm  elementor-field-textual\" placeholder=\"O seu nome\">\n\t\t\t\t\t\t\t\t\t\t\t<\/div>\n\t\t\t\t\t\t\t\t<div class=\"elementor-field-type-email elementor-field-group elementor-column elementor-field-group-email elementor-col-100 elementor-field-required elementor-mark-required\">\n\t\t\t\t\t\t\t\t\t\t\t\t<label for=\"form-field-email\" class=\"elementor-field-label\">\n\t\t\t\t\t\t\t\tEmail\t\t\t\t\t\t\t<\/label>\n\t\t\t\t\t\t\t\t\t\t\t\t\t\t<input size=\"1\" type=\"email\" name=\"form_fields[email]\" id=\"form-field-email\" class=\"elementor-field elementor-size-sm  elementor-field-textual\" placeholder=\"O seu email da empresa\" required=\"required\">\n\t\t\t\t\t\t\t\t\t\t\t<\/div>\n\t\t\t\t\t\t\t\t<div class=\"elementor-field-type-select elementor-field-group elementor-column elementor-field-group-field_ca6f0a9 elementor-col-100 elementor-field-required elementor-mark-required\">\n\t\t\t\t\t\t\t\t\t\t\t\t<label for=\"form-field-field_ca6f0a9\" class=\"elementor-field-label\">\n\t\t\t\t\t\t\t\tSelecione o tipo de abuso\t\t\t\t\t\t\t<\/label>\n\t\t\t\t\t\t\t\t<div class=\"elementor-field elementor-select-wrapper remove-before \">\n\t\t\t<div class=\"select-caret-down-wrapper\">\n\t\t\t\t<i aria-hidden=\"true\" class=\"eicon-caret-down\"><\/i>\t\t\t<\/div>\n\t\t\t<select name=\"form_fields[field_ca6f0a9]\" id=\"form-field-field_ca6f0a9\" class=\"elementor-field-textual elementor-size-sm\" required=\"required\">\n\t\t\t\t\t\t\t\t\t<option value=\"Spam\">Spam<\/option>\n\t\t\t\t\t\t\t\t\t<option value=\"Violation of Copyright \/ Brands and Patents\">Violation of Copyright \/ Brands and Patents<\/option>\n\t\t\t\t\t\t\t\t\t<option value=\"Phishing\">Phishing<\/option>\n\t\t\t\t\t\t\t\t\t<option value=\"Malware\">Malware<\/option>\n\t\t\t\t\t\t\t\t\t<option value=\"Botnet\">Botnet<\/option>\n\t\t\t\t\t\t\t\t\t<option value=\"Brute Force\">Brute Force<\/option>\n\t\t\t\t\t\t\t\t\t<option value=\"Abuse of minors\">Abuse of minors<\/option>\n\t\t\t\t\t\t\t\t\t<option value=\"Threats of violence\">Threats of violence<\/option>\n\t\t\t\t\t\t\t\t\t<option value=\"Other\">Other<\/option>\n\t\t\t\t\t\t\t<\/select>\n\t\t<\/div>\n\t\t\t\t\t\t<\/div>\n\t\t\t\t\t\t\t\t<div class=\"elementor-field-type-text elementor-field-group elementor-column elementor-field-group-field_66ddabb elementor-col-100 elementor-field-required elementor-mark-required\">\n\t\t\t\t\t\t\t\t\t\t\t\t<label for=\"form-field-field_66ddabb\" class=\"elementor-field-label\">\n\t\t\t\t\t\t\t\tAssunto\t\t\t\t\t\t\t<\/label>\n\t\t\t\t\t\t\t\t\t\t\t\t\t\t<input size=\"1\" type=\"text\" name=\"form_fields[field_66ddabb]\" id=\"form-field-field_66ddabb\" class=\"elementor-field elementor-size-sm  elementor-field-textual\" placeholder=\"Um resumo do motivo pelo qual nos est\u00e1 a contactar\" required=\"required\">\n\t\t\t\t\t\t\t\t\t\t\t<\/div>\n\t\t\t\t\t\t\t\t<div class=\"elementor-field-type-textarea elementor-field-group elementor-column elementor-field-group-field_ca38f7c elementor-col-100\">\n\t\t\t\t\t\t\t\t\t\t\t\t<label for=\"form-field-field_ca38f7c\" class=\"elementor-field-label\">\n\t\t\t\t\t\t\t\tInforma\u00e7\u00e3o adicional\t\t\t\t\t\t\t<\/label>\n\t\t\t\t\t\t<textarea class=\"elementor-field-textual elementor-field  elementor-size-sm\" name=\"form_fields[field_ca38f7c]\" id=\"form-field-field_ca38f7c\" rows=\"2\" placeholder=\"Informa\u00e7\u00e3o adicional (n\u00e3o obrigat\u00f3rio)\"><\/textarea>\t\t\t\t<\/div>\n\t\t\t\t\t\t\t\t<div class=\"elementor-field-type-html elementor-field-group elementor-column elementor-field-group-field_90fc347 elementor-col-100\">\n\t\t\t\t\t<div class=\"g-recaptcha\" data-sitekey=\"6LfVnCYTAAAAAB4x9xlkeTsV8CO6np5UMhNjRNNZ\"><\/div>\n<script type=\"text\/javascript\" src=\"https:\/\/www.google.com\/recaptcha\/api.js\">\n<\/script>\t\t\t\t<\/div>\n\t\t\t\t\t\t\t\t<div class=\"elementor-field-group elementor-column elementor-field-type-submit elementor-col-20 e-form__buttons\">\n\t\t\t\t\t<button class=\"elementor-button elementor-size-sm\" type=\"submit\">\n\t\t\t\t\t\t<span class=\"elementor-button-content-wrapper\">\n\t\t\t\t\t\t\t\t\t\t\t\t\t\t\t\t\t\t\t\t\t\t<span class=\"elementor-button-text\">Enviar<\/span>\n\t\t\t\t\t\t\t\t\t\t\t\t\t<\/span>\n\t\t\t\t\t<\/button>\n\t\t\t\t<\/div>\n\t\t\t<\/div>\n\t\t<\/form>\n\t\t\t\t\t\t<\/div>\n\t\t\t\t<\/div>\n\t\t\t\t<div class=\"elementor-element elementor-element-b3a346b elementor-widget elementor-widget-html\" data-id=\"b3a346b\" data-element_type=\"widget\" data-e-type=\"widget\" data-widget_type=\"html.default\">\n\t\t\t\t<div class=\"elementor-widget-container\">\n\t\t\t\t\t<p style=\"text-align: center;\"><a href=\"mailto:growth@jotelulu.com\" rel=\"noopener\"><span style=\"color:#f83070;\">growth@jotelulu.com<\/span><\/a><span style=\"color:#f83070;\">&nbsp; |&nbsp;&nbsp;<\/span><a href=\"http:\/\/landings.jotelulu.com\/pt-pt\" rel=\"noopener\" target=\"_blank\"><span style=\"color:#f83070;\">landings.jotelulu.com | <\/span><\/a><a href=\"http:\/\/+351 211 246 262\"><span style=\"color:#f83070;\">+351 211 246 262<\/span><\/a><\/p>\r\n\r\n<p style=\"text-align: center;\">Pode cancelar a assinatura dessas comunica&ccedil;&otilde;es a qualquer momento. Consulte nossa&nbsp;<a href=\"https:\/\/landings.jotelulu.com\/pt-pt\/politica-de-privacidad\" rel=\"noopener\"><span style=\"color:#f83070;\">Pol&iacute;tica de Privacidade.<\/span><\/a><\/p>\r\n\r\n<p>&nbsp;<\/p>\t\t\t\t<\/div>\n\t\t\t\t<\/div>\n\t\t\t\t<div class=\"elementor-element elementor-element-5bcb5c5 elementor-widget-divider--view-line elementor-widget elementor-widget-divider\" data-id=\"5bcb5c5\" data-element_type=\"widget\" data-e-type=\"widget\" data-widget_type=\"divider.default\">\n\t\t\t\t<div class=\"elementor-widget-container\">\n\t\t\t\t\t\t\t<div class=\"elementor-divider\">\n\t\t\t<span class=\"elementor-divider-separator\">\n\t\t\t\t\t\t<\/span>\n\t\t<\/div>\n\t\t\t\t\t\t<\/div>\n\t\t\t\t<\/div>\n\t\t\t\t\t<\/div>\n\t\t<\/div>\n\t\t\t\t\t<\/div>\n\t\t<\/aside>\n\t\t\t\t<\/div>\n\t\t","protected":false},"excerpt":{"rendered":"<p>Denunciar um abuso Estamos comprometidos em tornar a Internet um lugar melhor. Se \u00e9 v\u00edtima de abuso ou conhece algu\u00e9m que o seja num site alojado pela JOTELULU, pode usar este formul\u00e1rio para informar sobre o problema \u00e0 nossa equipa de Suporte. growth@jotelulu.com&nbsp; |&nbsp;&nbsp;landings.jotelulu.com | +351 211 246 262 Pode cancelar a assinatura dessas comunica&ccedil;&otilde;es [&hellip;]<\/p>\n","protected":false},"author":4,"featured_media":0,"parent":607,"menu_order":0,"comment_status":"closed","ping_status":"closed","template":"","meta":{"footnotes":""},"class_list":["post-610","page","type-page","status-publish","hentry"],"yoast_head":"<!-- This site is optimized with the Yoast SEO plugin v27.4 - https:\/\/yoast.com\/product\/yoast-seo-wordpress\/ -->\n<title>Suporte - Denunciar Abuso | JOTELULU<\/title>\n<meta name=\"description\" content=\"Estamos comprometidos em tornar a Internet um lugar melhor. Se \u00e9 v\u00edtima de abuso ou conhece algu\u00e9m que o seja num site alojado pela JOTELULU, pode usar este formul\u00e1rio para informar sobre o problema \u00e0 nossa equipa de Suporte.\" \/>\n<meta name=\"robots\" content=\"noindex, follow\" \/>\n<meta property=\"og:locale\" content=\"pt_PT\" \/>\n<meta property=\"og:type\" content=\"article\" \/>\n<meta property=\"og:title\" content=\"Suporte - Denunciar Abuso | JOTELULU\" \/>\n<meta property=\"og:description\" content=\"Estamos comprometidos em tornar a Internet um lugar melhor. Se \u00e9 v\u00edtima de abuso ou conhece algu\u00e9m que o seja num site alojado pela JOTELULU, pode usar este formul\u00e1rio para informar sobre o problema \u00e0 nossa equipa de Suporte.\" \/>\n<meta property=\"og:url\" content=\"https:\/\/landings.jotelulu.com\/pt-pt\/suporte\/denunciar-abuso\/\" \/>\n<meta property=\"og:site_name\" content=\"JOTELULU | Servi\u00e7os Cloud para Distribuidores de TI\" \/>\n<meta property=\"article:modified_time\" content=\"2025-03-03T12:51:22+00:00\" \/>\n<meta name=\"twitter:card\" content=\"summary_large_image\" \/>\n<meta name=\"twitter:label1\" content=\"Tempo estimado de leitura\" \/>\n\t<meta name=\"twitter:data1\" content=\"2 minutos\" \/>\n<script type=\"application\/ld+json\" class=\"yoast-schema-graph\">{\"@context\":\"https:\\\/\\\/schema.org\",\"@graph\":[{\"@type\":\"WebPage\",\"@id\":\"https:\\\/\\\/landings.jotelulu.com\\\/pt-pt\\\/suporte\\\/denunciar-abuso\\\/\",\"url\":\"https:\\\/\\\/landings.jotelulu.com\\\/pt-pt\\\/suporte\\\/denunciar-abuso\\\/\",\"name\":\"Suporte - Denunciar Abuso | JOTELULU\",\"isPartOf\":{\"@id\":\"https:\\\/\\\/landings.jotelulu.com\\\/pt-pt\\\/#website\"},\"datePublished\":\"2022-04-21T09:27:19+00:00\",\"dateModified\":\"2025-03-03T12:51:22+00:00\",\"description\":\"Estamos comprometidos em tornar a Internet um lugar melhor. Se \u00e9 v\u00edtima de abuso ou conhece algu\u00e9m que o seja num site alojado pela JOTELULU, pode usar este formul\u00e1rio para informar sobre o problema \u00e0 nossa equipa de Suporte.\",\"inLanguage\":\"pt-PT\",\"potentialAction\":[{\"@type\":\"ReadAction\",\"target\":[\"https:\\\/\\\/landings.jotelulu.com\\\/pt-pt\\\/suporte\\\/denunciar-abuso\\\/\"]}]},{\"@type\":\"WebSite\",\"@id\":\"https:\\\/\\\/landings.jotelulu.com\\\/pt-pt\\\/#website\",\"url\":\"https:\\\/\\\/landings.jotelulu.com\\\/pt-pt\\\/\",\"name\":\"JOTELULU | Servi\u00e7os Cloud para Distribuidores de TI\",\"description\":\"\",\"publisher\":{\"@id\":\"https:\\\/\\\/landings.jotelulu.com\\\/pt-pt\\\/#organization\"},\"potentialAction\":[{\"@type\":\"SearchAction\",\"target\":{\"@type\":\"EntryPoint\",\"urlTemplate\":\"https:\\\/\\\/landings.jotelulu.com\\\/pt-pt\\\/?s={search_term_string}\"},\"query-input\":{\"@type\":\"PropertyValueSpecification\",\"valueRequired\":true,\"valueName\":\"search_term_string\"}}],\"inLanguage\":\"pt-PT\"},{\"@type\":\"Organization\",\"@id\":\"https:\\\/\\\/landings.jotelulu.com\\\/pt-pt\\\/#organization\",\"name\":\"JOTELULU | Servi\u00e7os Cloud para Distribuidores de TI\",\"url\":\"https:\\\/\\\/landings.jotelulu.com\\\/pt-pt\\\/\",\"logo\":{\"@type\":\"ImageObject\",\"inLanguage\":\"pt-PT\",\"@id\":\"https:\\\/\\\/landings.jotelulu.com\\\/pt-pt\\\/#\\\/schema\\\/logo\\\/image\\\/\",\"url\":\"https:\\\/\\\/landings.jotelulu.com\\\/pt-pt\\\/wp-content\\\/uploads\\\/sites\\\/2\\\/2022\\\/04\\\/jotelulu-horizontal-transparent.png\",\"contentUrl\":\"https:\\\/\\\/landings.jotelulu.com\\\/pt-pt\\\/wp-content\\\/uploads\\\/sites\\\/2\\\/2022\\\/04\\\/jotelulu-horizontal-transparent.png\",\"width\":2000,\"height\":1000,\"caption\":\"JOTELULU | Servi\u00e7os Cloud para Distribuidores de TI\"},\"image\":{\"@id\":\"https:\\\/\\\/landings.jotelulu.com\\\/pt-pt\\\/#\\\/schema\\\/logo\\\/image\\\/\"}}]}<\/script>\n<!-- \/ Yoast SEO plugin. -->","yoast_head_json":{"title":"Suporte - Denunciar Abuso | JOTELULU","description":"Estamos comprometidos em tornar a Internet um lugar melhor. Se \u00e9 v\u00edtima de abuso ou conhece algu\u00e9m que o seja num site alojado pela JOTELULU, pode usar este formul\u00e1rio para informar sobre o problema \u00e0 nossa equipa de Suporte.","robots":{"index":"noindex","follow":"follow"},"og_locale":"pt_PT","og_type":"article","og_title":"Suporte - Denunciar Abuso | JOTELULU","og_description":"Estamos comprometidos em tornar a Internet um lugar melhor. Se \u00e9 v\u00edtima de abuso ou conhece algu\u00e9m que o seja num site alojado pela JOTELULU, pode usar este formul\u00e1rio para informar sobre o problema \u00e0 nossa equipa de Suporte.","og_url":"https:\/\/landings.jotelulu.com\/pt-pt\/suporte\/denunciar-abuso\/","og_site_name":"JOTELULU | Servi\u00e7os Cloud para Distribuidores de TI","article_modified_time":"2025-03-03T12:51:22+00:00","twitter_card":"summary_large_image","twitter_misc":{"Tempo estimado de leitura":"2 minutos"},"schema":{"@context":"https:\/\/schema.org","@graph":[{"@type":"WebPage","@id":"https:\/\/landings.jotelulu.com\/pt-pt\/suporte\/denunciar-abuso\/","url":"https:\/\/landings.jotelulu.com\/pt-pt\/suporte\/denunciar-abuso\/","name":"Suporte - Denunciar Abuso | JOTELULU","isPartOf":{"@id":"https:\/\/landings.jotelulu.com\/pt-pt\/#website"},"datePublished":"2022-04-21T09:27:19+00:00","dateModified":"2025-03-03T12:51:22+00:00","description":"Estamos comprometidos em tornar a Internet um lugar melhor. Se \u00e9 v\u00edtima de abuso ou conhece algu\u00e9m que o seja num site alojado pela JOTELULU, pode usar este formul\u00e1rio para informar sobre o problema \u00e0 nossa equipa de Suporte.","inLanguage":"pt-PT","potentialAction":[{"@type":"ReadAction","target":["https:\/\/landings.jotelulu.com\/pt-pt\/suporte\/denunciar-abuso\/"]}]},{"@type":"WebSite","@id":"https:\/\/landings.jotelulu.com\/pt-pt\/#website","url":"https:\/\/landings.jotelulu.com\/pt-pt\/","name":"JOTELULU | Servi\u00e7os Cloud para Distribuidores de TI","description":"","publisher":{"@id":"https:\/\/landings.jotelulu.com\/pt-pt\/#organization"},"potentialAction":[{"@type":"SearchAction","target":{"@type":"EntryPoint","urlTemplate":"https:\/\/landings.jotelulu.com\/pt-pt\/?s={search_term_string}"},"query-input":{"@type":"PropertyValueSpecification","valueRequired":true,"valueName":"search_term_string"}}],"inLanguage":"pt-PT"},{"@type":"Organization","@id":"https:\/\/landings.jotelulu.com\/pt-pt\/#organization","name":"JOTELULU | Servi\u00e7os Cloud para Distribuidores de TI","url":"https:\/\/landings.jotelulu.com\/pt-pt\/","logo":{"@type":"ImageObject","inLanguage":"pt-PT","@id":"https:\/\/landings.jotelulu.com\/pt-pt\/#\/schema\/logo\/image\/","url":"https:\/\/landings.jotelulu.com\/pt-pt\/wp-content\/uploads\/sites\/2\/2022\/04\/jotelulu-horizontal-transparent.png","contentUrl":"https:\/\/landings.jotelulu.com\/pt-pt\/wp-content\/uploads\/sites\/2\/2022\/04\/jotelulu-horizontal-transparent.png","width":2000,"height":1000,"caption":"JOTELULU | Servi\u00e7os Cloud para Distribuidores de TI"},"image":{"@id":"https:\/\/landings.jotelulu.com\/pt-pt\/#\/schema\/logo\/image\/"}}]}},"jetpack_sharing_enabled":true,"_links":{"self":[{"href":"https:\/\/landings.jotelulu.com\/pt-pt\/wp-json\/wp\/v2\/pages\/610","targetHints":{"allow":["GET"]}}],"collection":[{"href":"https:\/\/landings.jotelulu.com\/pt-pt\/wp-json\/wp\/v2\/pages"}],"about":[{"href":"https:\/\/landings.jotelulu.com\/pt-pt\/wp-json\/wp\/v2\/types\/page"}],"author":[{"embeddable":true,"href":"https:\/\/landings.jotelulu.com\/pt-pt\/wp-json\/wp\/v2\/users\/4"}],"replies":[{"embeddable":true,"href":"https:\/\/landings.jotelulu.com\/pt-pt\/wp-json\/wp\/v2\/comments?post=610"}],"version-history":[{"count":3,"href":"https:\/\/landings.jotelulu.com\/pt-pt\/wp-json\/wp\/v2\/pages\/610\/revisions"}],"predecessor-version":[{"id":7390,"href":"https:\/\/landings.jotelulu.com\/pt-pt\/wp-json\/wp\/v2\/pages\/610\/revisions\/7390"}],"up":[{"embeddable":true,"href":"https:\/\/landings.jotelulu.com\/pt-pt\/wp-json\/wp\/v2\/pages\/607"}],"wp:attachment":[{"href":"https:\/\/landings.jotelulu.com\/pt-pt\/wp-json\/wp\/v2\/media?parent=610"}],"curies":[{"name":"wp","href":"https:\/\/api.w.org\/{rel}","templated":true}]}}